{"id":2,"date":"2021-06-16T16:36:31","date_gmt":"2021-06-16T14:36:31","guid":{"rendered":"http:\/\/ktrfkko.cluster028.hosting.ovh.net\/?page_id=2"},"modified":"2024-05-21T09:55:12","modified_gmt":"2024-05-21T07:55:12","slug":"page-d-exemple","status":"publish","type":"page","link":"https:\/\/gitesainterose.fr\/index.php\/page-d-exemple\/","title":{"rendered":"Bienvenue"},"content":{"rendered":"\n<p><\/p>\n\n\n\n<p class=\"has-medium-font-size\" style=\"font-style:italic;font-weight:900\">Aux portes de la Gascogne, dans ce pays vallonn\u00e9 que l\u2019on nomme \u00ab La Lomagne gersoise \u00bb, vous d\u00e9couvrirez cette ancienne grange appartenant \u00e0 une celle du XIII\u00e8me si\u00e8cle b\u00e2tie par les Grandmontains et comprenant un moulin.<\/p>\n\n\n\n<hr class=\"wp-block-separator has-alpha-channel-opacity\"\/>\n\n\n\n<figure class=\"wp-block-image size-large\"><img loading=\"lazy\" decoding=\"async\" width=\"1024\" height=\"536\" src=\"http:\/\/ktrfkko.cluster028.hosting.ovh.net\/wp-content\/uploads\/2022\/04\/Page-d_accueil-1024x536.jpg\" alt=\"\" class=\"wp-image-188\" srcset=\"https:\/\/gitesainterose.fr\/wp-content\/uploads\/2022\/04\/Page-d_accueil-1024x536.jpg 1024w, https:\/\/gitesainterose.fr\/wp-content\/uploads\/2022\/04\/Page-d_accueil-300x157.jpg 300w, https:\/\/gitesainterose.fr\/wp-content\/uploads\/2022\/04\/Page-d_accueil-768x402.jpg 768w, https:\/\/gitesainterose.fr\/wp-content\/uploads\/2022\/04\/Page-d_accueil-1536x804.jpg 1536w, https:\/\/gitesainterose.fr\/wp-content\/uploads\/2022\/04\/Page-d_accueil-2048x1072.jpg 2048w\" sizes=\"auto, (max-width: 1024px) 100vw, 1024px\" \/><figcaption class=\"wp-element-caption\">Gite<\/figcaption><\/figure>\n\n\n\n<p><\/p>\n\n\n\n<p class=\"has-medium-font-size\" style=\"font-style:italic;font-weight:900\">Cette belle b\u00e2tisse invite au calme et \u00e0 la qui\u00e9tude avec tout le confort voulu pour passer de bons moments en famille ou entre amis; elle a \u00e9t\u00e9 r\u00e9nov\u00e9e en 2011\/2018; la d\u00e9coration \u00e9pur\u00e9e y est soign\u00e9e alliant mat\u00e9riaux anciens et mobilier contemporain. La cuisine-salle \u00e0 manger, tr\u00e8s conviviale, s\u2019ouvre sur une grande terrasse expos\u00e9e sud-est afin de profiter des belles et longues soir\u00e9es d\u2019\u00e9t\u00e9.<\/p>\n\n\n\n<p><\/p>\n\n\n\n<p class=\"has-medium-font-size\" style=\"font-style:italic;font-weight:900\">La piscine privative (finalisation en juillet 2023) et le jardin viennent parfaire cet ensemble pour une d\u00e9tente absolue !<\/p>\n\n\n\n<p><\/p>\n\n\n\n<p class=\"has-text-align-center has-black-color has-white-background-color has-text-color has-background has-medium-font-size\" style=\"font-style:italic;font-weight:900\"><mark style=\"background-color:rgba(0, 0, 0, 0)\" class=\"has-inline-color has-cyan-bluish-gray-color\"><strong><em>VOTRE G\u00ceTE \u00c0 PROXIMIT\u00c9 D\u2019AGEN (LOT ET GARONNE)<\/em><\/strong><\/mark><\/p>\n\n\n\n<p class=\"has-medium-font-size\" style=\"font-style:italic;font-weight:900\">\u00ab Le Sandre \u00bb empreinte son nom en r\u00e9f\u00e9rence \u00e0 la pisciculture d\u2019\u00e9tangs inscrite dans le projet de vos h\u00f4tes et vous propose une habitation exceptionnelle pour vos vacances dans le Gers !<\/p>\n\n\n\n<p class=\"has-medium-font-size\" style=\"font-style:italic;font-weight:900\">Nous vous recevons dans un cadre unique situ\u00e9 aux alentours d\u2019Agen, Auvillar, Lectoure, Auch, Vic-Fezensac, Marciac, en plein c\u0153ur du Gers.<\/p>\n\n\n\n<hr class=\"wp-block-separator has-alpha-channel-opacity\"\/>\n\n\n\n<div class=\"wp-block-columns is-layout-flex wp-container-core-columns-is-layout-9d6595d7 wp-block-columns-is-layout-flex\">\n<div class=\"wp-block-column is-layout-flow wp-block-column-is-layout-flow\" style=\"flex-basis:100%\">\n<div class=\"wp-block-columns is-layout-flex wp-container-core-columns-is-layout-9d6595d7 wp-block-columns-is-layout-flex\">\n<div class=\"wp-block-column is-layout-flow wp-block-column-is-layout-flow\">\n<h5 class=\"wp-block-heading has-medium-font-size\">\u00c0 propos de nous<\/h5>\n\n\n\n<p><\/p>\n\n\n\n<p><strong><em>Pour connaitre le projet de vos h\u00f4tes<\/em><\/strong><\/p>\n\n\n\n<p><a rel=\"noreferrer noopener\" href=\"http:\/\/lemoulindesainte-rose.overblog.com\/\" target=\"_blank\">En savoir plus \u00e0 notre sujet<\/a><\/p>\n<\/div>\n\n\n\n<div class=\"wp-block-column is-layout-flow wp-block-column-is-layout-flow\">\n<h5 class=\"wp-block-heading has-medium-font-size\">Rendez-nous visite<\/h5>\n\n\n\n<p><strong><em>Le Moulin<br>Lieu-dit Sainte Rose<br>32340 MIRADOUX<\/em><\/strong><\/p>\n\n\n\n<p><a href=\"https:\/\/www.google.com\/maps\/place\/Le+Sandre\/@43.9813293,0.8065131,17.25z\/data=!4m7!3m6!1s0x12abc52eb6299dff:0x6cb7c64bdf1969bc!4b1!8m2!3d43.9814508!4d0.8059631!16s%2Fg%2F11k2yy9fk6?entry=ttu\" target=\"_blank\" rel=\"noreferrer noopener\">Itin\u00e9raire et plans<\/a><\/p>\n<\/div>\n<\/div>\n<\/div>\n<\/div>\n\n\n\n<p><\/p>\n","protected":false},"excerpt":{"rendered":"<p>Aux portes de la Gascogne, dans ce pays vallonn\u00e9 que l\u2019on nomme \u00ab La Lomagne gersoise \u00bb, vous d\u00e9couvrirez cette ancienne grange appartenant \u00e0 une celle du XIII\u00e8me si\u00e8cle b\u00e2tie par les Grandmontains et comprenant un moulin. Cette belle b\u00e2tisse invite au calme et \u00e0 la qui\u00e9tude avec tout le confort voulu pour passer de [&hellip;]<\/p>\n","protected":false},"author":1,"featured_media":0,"parent":0,"menu_order":0,"comment_status":"closed","ping_status":"open","template":"","meta":{"footnotes":""},"class_list":["post-2","page","type-page","status-publish","hentry"],"_links":{"self":[{"href":"https:\/\/gitesainterose.fr\/index.php\/wp-json\/wp\/v2\/pages\/2","targetHints":{"allow":["GET"]}}],"collection":[{"href":"https:\/\/gitesainterose.fr\/index.php\/wp-json\/wp\/v2\/pages"}],"about":[{"href":"https:\/\/gitesainterose.fr\/index.php\/wp-json\/wp\/v2\/types\/page"}],"author":[{"embeddable":true,"href":"https:\/\/gitesainterose.fr\/index.php\/wp-json\/wp\/v2\/users\/1"}],"replies":[{"embeddable":true,"href":"https:\/\/gitesainterose.fr\/index.php\/wp-json\/wp\/v2\/comments?post=2"}],"version-history":[{"count":23,"href":"https:\/\/gitesainterose.fr\/index.php\/wp-json\/wp\/v2\/pages\/2\/revisions"}],"predecessor-version":[{"id":395,"href":"https:\/\/gitesainterose.fr\/index.php\/wp-json\/wp\/v2\/pages\/2\/revisions\/395"}],"wp:attachment":[{"href":"https:\/\/gitesainterose.fr\/index.php\/wp-json\/wp\/v2\/media?parent=2"}],"curies":[{"name":"wp","href":"https:\/\/api.w.org\/{rel}","templated":true}]}}