{"id":28,"date":"2021-06-28T17:11:10","date_gmt":"2021-06-28T15:11:10","guid":{"rendered":"http:\/\/ktrfkko.cluster028.hosting.ovh.net\/?page_id=28"},"modified":"2025-12-30T18:27:09","modified_gmt":"2025-12-30T17:27:09","slug":"tarifs-et-reservation","status":"publish","type":"page","link":"https:\/\/gitesainterose.fr\/index.php\/tarifs-et-reservation\/","title":{"rendered":"Tarifs et R\u00e9servation."},"content":{"rendered":"\n<figure class=\"wp-block-table has-medium-font-size\"><table class=\"has-background\" style=\"background-color:#e9fbe5\"><tbody><tr><td class=\"has-text-align-center\" data-align=\"center\"><strong>SAISON 2026<\/strong><\/td><td class=\"has-text-align-center\" data-align=\"center\">1 nuit<\/td><td class=\"has-text-align-center\" data-align=\"center\">7 nuits<\/td><\/tr><tr><td class=\"has-text-align-center\" data-align=\"center\"><strong>Basse saison<\/strong>&nbsp;<\/td><td class=\"has-text-align-center\" data-align=\"center\">120\u20ac*<\/td><td class=\"has-text-align-center\" data-align=\"center\">10 % de r\u00e9duction<\/td><\/tr><tr><td class=\"has-text-align-center\" data-align=\"center\"><strong>Haute saison<\/strong><br>P\u00e9riode estivale du 13\/06 au 13\/09\/2026<\/td><td class=\"has-text-align-center\" data-align=\"center\">140\u20ac*<\/td><td class=\"has-text-align-center\" data-align=\"center\">10 % de r\u00e9duction<\/td><\/tr><\/tbody><\/table><figcaption class=\"wp-element-caption\"><strong><em>* Ce tarif comprend la location du meubl\u00e9 \u00e0 titre exclusif avec une chambre. Il faudra compter 30\u20ac par chambre suppl\u00e9mentaire.<br>Taxe de s\u00e9jour\u00a0par adulte par jour non comprise.<\/em><\/strong><\/figcaption><\/figure>\n\n\n\n<p class=\"has-text-align-center\"><strong>Conditions de r\u00e9servation<\/strong><\/p>\n\n\n\n<blockquote class=\"wp-block-quote is-layout-flow wp-block-quote-is-layout-flow\">\n<p>Semaine : du samedi 16 h au samedi 10 h<\/p>\n\n\n\n<p>week-end : du vendredi 18 h au dimanche 20 h<\/p>\n\n\n\n<p>mi-week : du lundi 12 h au vendredi 15 h<\/p>\n<\/blockquote>\n\n\n\n<p><\/p>\n\n\n\n<h2 class=\"wp-block-heading\">Etablissez votre devis en utilisant le tableur correspondant \u00e0 la p\u00e9riode souhait\u00e9e.<\/h2>\n\n\n\n<div class=\"wp-block-file\"><a id=\"wp-block-file--media-44396629-791e-49f1-b9c6-be02dae01b72\" href=\"https:\/\/gitesainterose.fr\/wp-content\/uploads\/2025\/12\/Devis-basse-saison-1.xlsx\"><strong>Devis basse saison<\/strong><\/a><a href=\"https:\/\/gitesainterose.fr\/wp-content\/uploads\/2025\/12\/Devis-basse-saison-1.xlsx\" class=\"wp-block-file__button wp-element-button\" download aria-describedby=\"wp-block-file--media-44396629-791e-49f1-b9c6-be02dae01b72\">T\u00e9l\u00e9charger<\/a><\/div>\n\n\n\n<div class=\"wp-block-file\"><a id=\"wp-block-file--media-bedabe4c-4693-494e-ad8d-c0f9fa198ff6\" href=\"https:\/\/gitesainterose.fr\/wp-content\/uploads\/2025\/12\/Devis-haute-saison-1.xlsx\"><strong>Devis haute saison<\/strong><\/a><a href=\"https:\/\/gitesainterose.fr\/wp-content\/uploads\/2025\/12\/Devis-haute-saison-1.xlsx\" class=\"wp-block-file__button wp-element-button\" download aria-describedby=\"wp-block-file--media-bedabe4c-4693-494e-ad8d-c0f9fa198ff6\">T\u00e9l\u00e9charger<\/a><\/div>\n\n\n\n<p><\/p>\n\n\n\n<p><\/p>\n\n\n\n<p><\/p>\n\n\n<div class=\"wpbs-main-wrapper wpbs-main-wrapper-calendar-1 wpbs-main-wrapper-form-0\"><div class=\"wpbs-container wpbs-enable-hover wpbs-calendar-1\" data-id=\"1\" data-show_title=\"1\" data-show_legend=\"1\" data-current_year=\"2026\" data-current_month=\"4\" data-language=\"fr\" data-min_width=\"200\" data-max_width=\"380\" data-start_date=\"0\" data-end_date=\"0\" ><h2>Calendrier &#8211; R\u00e9servations<\/h2><div class=\"wpbs-calendars-wrapper wpbs-legend-position-side\"><div class=\"wpbs-legend\"><div class=\"wpbs-legend-item\"><div class=\"wpbs-legend-item-icon wpbs-legend-item-icon-1\" data-type=\"single\"><div class=\"wpbs-legend-item-icon-color\" ><\/div><div class=\"wpbs-legend-item-icon-color\" ><\/div><\/div><span class=wpbs-legend-item-name>Disponible<\/span><\/div><div class=\"wpbs-legend-item\"><div class=\"wpbs-legend-item-icon wpbs-legend-item-icon-2\" data-type=\"single\"><div class=\"wpbs-legend-item-icon-color\" ><\/div><div class=\"wpbs-legend-item-icon-color\" ><\/div><\/div><span class=wpbs-legend-item-name>R\u00e9serv\u00e9<\/span><\/div><\/div><div class=\"wpbs-calendars\"><div class=\"wpbs-calendar\"><div class=\"wpbs-calendar-header wpbs-heading\"><div class=\"wpbs-calendar-header-navigation\"><a href=\"#\" class=\"wpbs-prev\"><span class=\"wpbs-arrow\"><\/span><\/a><div class=\"wpbs-select-container\"><select><option value=\"1768435200\" >Janvier 2026<\/option><option value=\"1771113600\" >F\u00e9vrier 2026<\/option><option value=\"1773532800\" >Mars 2026<\/option><option value=\"1776211200\"  selected='selected'>Avril 2026<\/option><option value=\"1778803200\" >Mai 2026<\/option><option value=\"1781481600\" >Juin 2026<\/option><option value=\"1784073600\" >Juillet 2026<\/option><option value=\"1786752000\" >Ao\u00fbt 2026<\/option><option value=\"1789430400\" >Septembre 2026<\/option><option value=\"1792022400\" >Octobre 2026<\/option><option value=\"1794700800\" >Novembre 2026<\/option><option value=\"1797292800\" >D\u00e9cembre 2026<\/option><option value=\"1799971200\" >Janvier 2027<\/option><option value=\"1802649600\" >F\u00e9vrier 2027<\/option><option value=\"1805068800\" >Mars 2027<\/option><option value=\"1807747200\" >Avril 2027<\/option><\/select><\/div><a href=\"#\" class=\"wpbs-next\"><span class=\"wpbs-arrow\"><\/span><\/a><\/div><\/div><div class=\"wpbs-calendar-wrapper\"><table><thead><tr><th>L<\/th><th>M<\/th><th>M<\/th><th>J<\/th><th>V<\/th><th>S<\/th><th>D<\/th><\/tr><\/thead><tbody><tr><td><div class=\"wpbs-date   wpbs-gap  \"  data-price=\"\"><div class=\"wpbs-date-inner\"><\/div><\/div><\/td><td><div class=\"wpbs-date   wpbs-gap  \"  data-price=\"\"><div class=\"wpbs-date-inner\"><\/div><\/div><\/td><td><div class=\"wpbs-date wpbs-legend-item-1    \" data-year=\"2026\" data-month=\"4\" data-day=\"1\" data-price=\"\"><div class=\"wpbs-legend-item-icon wpbs-legend-item-icon-1\" data-type=\"single\"><div class=\"wpbs-legend-item-icon-color\" ><\/div><div class=\"wpbs-legend-item-icon-color\" ><\/div><\/div><div class=\"wpbs-date-inner\"><span class=\"wpbs-date-number\">1<\/span><\/div><\/div><\/td><td><div class=\"wpbs-date wpbs-legend-item-1    \" data-year=\"2026\" data-month=\"4\" data-day=\"2\" data-price=\"\"><div class=\"wpbs-legend-item-icon wpbs-legend-item-icon-1\" data-type=\"single\"><div class=\"wpbs-legend-item-icon-color\" ><\/div><div class=\"wpbs-legend-item-icon-color\" ><\/div><\/div><div class=\"wpbs-date-inner\"><span class=\"wpbs-date-number\">2<\/span><\/div><\/div><\/td><td><div class=\"wpbs-date wpbs-legend-item-1    \" data-year=\"2026\" data-month=\"4\" data-day=\"3\" data-price=\"\"><div class=\"wpbs-legend-item-icon wpbs-legend-item-icon-1\" data-type=\"single\"><div class=\"wpbs-legend-item-icon-color\" ><\/div><div class=\"wpbs-legend-item-icon-color\" ><\/div><\/div><div class=\"wpbs-date-inner\"><span class=\"wpbs-date-number\">3<\/span><\/div><\/div><\/td><td><div class=\"wpbs-date wpbs-legend-item-1    \" data-year=\"2026\" data-month=\"4\" data-day=\"4\" data-price=\"\"><div class=\"wpbs-legend-item-icon wpbs-legend-item-icon-1\" data-type=\"single\"><div class=\"wpbs-legend-item-icon-color\" ><\/div><div class=\"wpbs-legend-item-icon-color\" ><\/div><\/div><div class=\"wpbs-date-inner\"><span class=\"wpbs-date-number\">4<\/span><\/div><\/div><\/td><td><div class=\"wpbs-date wpbs-legend-item-1    \" data-year=\"2026\" data-month=\"4\" data-day=\"5\" data-price=\"\"><div class=\"wpbs-legend-item-icon wpbs-legend-item-icon-1\" data-type=\"single\"><div class=\"wpbs-legend-item-icon-color\" ><\/div><div class=\"wpbs-legend-item-icon-color\" ><\/div><\/div><div class=\"wpbs-date-inner\"><span class=\"wpbs-date-number\">5<\/span><\/div><\/div><\/td><\/tr><tr><td><div class=\"wpbs-date wpbs-legend-item-1    \" data-year=\"2026\" data-month=\"4\" data-day=\"6\" data-price=\"\"><div class=\"wpbs-legend-item-icon wpbs-legend-item-icon-1\" data-type=\"single\"><div class=\"wpbs-legend-item-icon-color\" ><\/div><div class=\"wpbs-legend-item-icon-color\" ><\/div><\/div><div class=\"wpbs-date-inner\"><span class=\"wpbs-date-number\">6<\/span><\/div><\/div><\/td><td><div class=\"wpbs-date wpbs-legend-item-1    \" data-year=\"2026\" data-month=\"4\" data-day=\"7\" data-price=\"\"><div class=\"wpbs-legend-item-icon wpbs-legend-item-icon-1\" data-type=\"single\"><div class=\"wpbs-legend-item-icon-color\" ><\/div><div class=\"wpbs-legend-item-icon-color\" ><\/div><\/div><div class=\"wpbs-date-inner\"><span class=\"wpbs-date-number\">7<\/span><\/div><\/div><\/td><td><div class=\"wpbs-date wpbs-legend-item-1    \" data-year=\"2026\" data-month=\"4\" data-day=\"8\" data-price=\"\"><div class=\"wpbs-legend-item-icon wpbs-legend-item-icon-1\" data-type=\"single\"><div class=\"wpbs-legend-item-icon-color\" ><\/div><div class=\"wpbs-legend-item-icon-color\" ><\/div><\/div><div class=\"wpbs-date-inner\"><span class=\"wpbs-date-number\">8<\/span><\/div><\/div><\/td><td><div class=\"wpbs-date wpbs-legend-item-1    \" data-year=\"2026\" data-month=\"4\" data-day=\"9\" data-price=\"\"><div class=\"wpbs-legend-item-icon wpbs-legend-item-icon-1\" data-type=\"single\"><div class=\"wpbs-legend-item-icon-color\" ><\/div><div class=\"wpbs-legend-item-icon-color\" ><\/div><\/div><div class=\"wpbs-date-inner\"><span class=\"wpbs-date-number\">9<\/span><\/div><\/div><\/td><td><div class=\"wpbs-date wpbs-legend-item-1    \" data-year=\"2026\" data-month=\"4\" data-day=\"10\" data-price=\"\"><div class=\"wpbs-legend-item-icon wpbs-legend-item-icon-1\" data-type=\"single\"><div class=\"wpbs-legend-item-icon-color\" ><\/div><div class=\"wpbs-legend-item-icon-color\" ><\/div><\/div><div class=\"wpbs-date-inner\"><span class=\"wpbs-date-number\">10<\/span><\/div><\/div><\/td><td><div class=\"wpbs-date wpbs-legend-item-1    \" data-year=\"2026\" data-month=\"4\" data-day=\"11\" data-price=\"\"><div class=\"wpbs-legend-item-icon wpbs-legend-item-icon-1\" data-type=\"single\"><div class=\"wpbs-legend-item-icon-color\" ><\/div><div class=\"wpbs-legend-item-icon-color\" ><\/div><\/div><div class=\"wpbs-date-inner\"><span class=\"wpbs-date-number\">11<\/span><\/div><\/div><\/td><td><div class=\"wpbs-date wpbs-legend-item-1    \" data-year=\"2026\" data-month=\"4\" data-day=\"12\" data-price=\"\"><div class=\"wpbs-legend-item-icon wpbs-legend-item-icon-1\" data-type=\"single\"><div class=\"wpbs-legend-item-icon-color\" ><\/div><div class=\"wpbs-legend-item-icon-color\" ><\/div><\/div><div class=\"wpbs-date-inner\"><span class=\"wpbs-date-number\">12<\/span><\/div><\/div><\/td><\/tr><tr><td><div class=\"wpbs-date wpbs-legend-item-1    \" data-year=\"2026\" data-month=\"4\" data-day=\"13\" data-price=\"\"><div class=\"wpbs-legend-item-icon wpbs-legend-item-icon-1\" data-type=\"single\"><div class=\"wpbs-legend-item-icon-color\" ><\/div><div class=\"wpbs-legend-item-icon-color\" ><\/div><\/div><div class=\"wpbs-date-inner\"><span class=\"wpbs-date-number\">13<\/span><\/div><\/div><\/td><td><div class=\"wpbs-date wpbs-legend-item-1    \" data-year=\"2026\" data-month=\"4\" data-day=\"14\" data-price=\"\"><div class=\"wpbs-legend-item-icon wpbs-legend-item-icon-1\" data-type=\"single\"><div class=\"wpbs-legend-item-icon-color\" ><\/div><div class=\"wpbs-legend-item-icon-color\" ><\/div><\/div><div class=\"wpbs-date-inner\"><span class=\"wpbs-date-number\">14<\/span><\/div><\/div><\/td><td><div class=\"wpbs-date wpbs-legend-item-1    \" data-year=\"2026\" data-month=\"4\" data-day=\"15\" data-price=\"\"><div class=\"wpbs-legend-item-icon wpbs-legend-item-icon-1\" data-type=\"single\"><div class=\"wpbs-legend-item-icon-color\" ><\/div><div class=\"wpbs-legend-item-icon-color\" ><\/div><\/div><div class=\"wpbs-date-inner\"><span class=\"wpbs-date-number\">15<\/span><\/div><\/div><\/td><td><div class=\"wpbs-date wpbs-legend-item-1 wpbs-date-today  wpbs-is-bookable \" data-year=\"2026\" data-month=\"4\" data-day=\"16\" data-price=\"\"><div class=\"wpbs-legend-item-icon wpbs-legend-item-icon-1\" data-type=\"single\"><div class=\"wpbs-legend-item-icon-color\" ><\/div><div class=\"wpbs-legend-item-icon-color\" ><\/div><\/div><div class=\"wpbs-date-inner\"><span class=\"wpbs-date-number\">16<\/span><\/div><\/div><\/td><td><div class=\"wpbs-date wpbs-legend-item-1   wpbs-is-bookable \" data-year=\"2026\" data-month=\"4\" data-day=\"17\" data-price=\"\"><div class=\"wpbs-legend-item-icon wpbs-legend-item-icon-1\" data-type=\"single\"><div class=\"wpbs-legend-item-icon-color\" ><\/div><div class=\"wpbs-legend-item-icon-color\" ><\/div><\/div><div class=\"wpbs-date-inner\"><span class=\"wpbs-date-number\">17<\/span><\/div><\/div><\/td><td><div class=\"wpbs-date wpbs-legend-item-1   wpbs-is-bookable \" data-year=\"2026\" data-month=\"4\" data-day=\"18\" data-price=\"\"><div class=\"wpbs-legend-item-icon wpbs-legend-item-icon-1\" data-type=\"single\"><div class=\"wpbs-legend-item-icon-color\" ><\/div><div class=\"wpbs-legend-item-icon-color\" ><\/div><\/div><div class=\"wpbs-date-inner\"><span class=\"wpbs-date-number\">18<\/span><\/div><\/div><\/td><td><div class=\"wpbs-date wpbs-legend-item-1   wpbs-is-bookable \" data-year=\"2026\" data-month=\"4\" data-day=\"19\" data-price=\"\"><div class=\"wpbs-legend-item-icon wpbs-legend-item-icon-1\" data-type=\"single\"><div class=\"wpbs-legend-item-icon-color\" ><\/div><div class=\"wpbs-legend-item-icon-color\" ><\/div><\/div><div class=\"wpbs-date-inner\"><span class=\"wpbs-date-number\">19<\/span><\/div><\/div><\/td><\/tr><tr><td><div class=\"wpbs-date wpbs-legend-item-1   wpbs-is-bookable \" data-year=\"2026\" data-month=\"4\" data-day=\"20\" data-price=\"\"><div class=\"wpbs-legend-item-icon wpbs-legend-item-icon-1\" data-type=\"single\"><div class=\"wpbs-legend-item-icon-color\" ><\/div><div class=\"wpbs-legend-item-icon-color\" ><\/div><\/div><div class=\"wpbs-date-inner\"><span class=\"wpbs-date-number\">20<\/span><\/div><\/div><\/td><td><div class=\"wpbs-date wpbs-legend-item-1   wpbs-is-bookable \" data-year=\"2026\" data-month=\"4\" data-day=\"21\" data-price=\"\"><div class=\"wpbs-legend-item-icon wpbs-legend-item-icon-1\" data-type=\"single\"><div class=\"wpbs-legend-item-icon-color\" ><\/div><div class=\"wpbs-legend-item-icon-color\" ><\/div><\/div><div class=\"wpbs-date-inner\"><span class=\"wpbs-date-number\">21<\/span><\/div><\/div><\/td><td><div class=\"wpbs-date wpbs-legend-item-1   wpbs-is-bookable \" data-year=\"2026\" data-month=\"4\" data-day=\"22\" data-price=\"\"><div class=\"wpbs-legend-item-icon wpbs-legend-item-icon-1\" data-type=\"single\"><div class=\"wpbs-legend-item-icon-color\" ><\/div><div class=\"wpbs-legend-item-icon-color\" ><\/div><\/div><div class=\"wpbs-date-inner\"><span class=\"wpbs-date-number\">22<\/span><\/div><\/div><\/td><td><div class=\"wpbs-date wpbs-legend-item-1   wpbs-is-bookable \" data-year=\"2026\" data-month=\"4\" data-day=\"23\" data-price=\"\"><div class=\"wpbs-legend-item-icon wpbs-legend-item-icon-1\" data-type=\"single\"><div class=\"wpbs-legend-item-icon-color\" ><\/div><div class=\"wpbs-legend-item-icon-color\" ><\/div><\/div><div class=\"wpbs-date-inner\"><span class=\"wpbs-date-number\">23<\/span><\/div><\/div><\/td><td><div class=\"wpbs-date wpbs-legend-item-1   wpbs-is-bookable \" data-year=\"2026\" data-month=\"4\" data-day=\"24\" data-price=\"\"><div class=\"wpbs-legend-item-icon wpbs-legend-item-icon-1\" data-type=\"single\"><div class=\"wpbs-legend-item-icon-color\" ><\/div><div class=\"wpbs-legend-item-icon-color\" ><\/div><\/div><div class=\"wpbs-date-inner\"><span class=\"wpbs-date-number\">24<\/span><\/div><\/div><\/td><td><div class=\"wpbs-date wpbs-legend-item-1   wpbs-is-bookable \" data-year=\"2026\" data-month=\"4\" data-day=\"25\" data-price=\"\"><div class=\"wpbs-legend-item-icon wpbs-legend-item-icon-1\" data-type=\"single\"><div class=\"wpbs-legend-item-icon-color\" ><\/div><div class=\"wpbs-legend-item-icon-color\" ><\/div><\/div><div class=\"wpbs-date-inner\"><span class=\"wpbs-date-number\">25<\/span><\/div><\/div><\/td><td><div class=\"wpbs-date wpbs-legend-item-1   wpbs-is-bookable \" data-year=\"2026\" data-month=\"4\" data-day=\"26\" data-price=\"\"><div class=\"wpbs-legend-item-icon wpbs-legend-item-icon-1\" data-type=\"single\"><div class=\"wpbs-legend-item-icon-color\" ><\/div><div class=\"wpbs-legend-item-icon-color\" ><\/div><\/div><div class=\"wpbs-date-inner\"><span class=\"wpbs-date-number\">26<\/span><\/div><\/div><\/td><\/tr><tr><td><div class=\"wpbs-date wpbs-legend-item-1   wpbs-is-bookable \" data-year=\"2026\" data-month=\"4\" data-day=\"27\" data-price=\"\"><div class=\"wpbs-legend-item-icon wpbs-legend-item-icon-1\" data-type=\"single\"><div class=\"wpbs-legend-item-icon-color\" ><\/div><div class=\"wpbs-legend-item-icon-color\" ><\/div><\/div><div class=\"wpbs-date-inner\"><span class=\"wpbs-date-number\">27<\/span><\/div><\/div><\/td><td><div class=\"wpbs-date wpbs-legend-item-1   wpbs-is-bookable \" data-year=\"2026\" data-month=\"4\" data-day=\"28\" data-price=\"\"><div class=\"wpbs-legend-item-icon wpbs-legend-item-icon-1\" data-type=\"single\"><div class=\"wpbs-legend-item-icon-color\" ><\/div><div class=\"wpbs-legend-item-icon-color\" ><\/div><\/div><div class=\"wpbs-date-inner\"><span class=\"wpbs-date-number\">28<\/span><\/div><\/div><\/td><td><div class=\"wpbs-date wpbs-legend-item-1   wpbs-is-bookable \" data-year=\"2026\" data-month=\"4\" data-day=\"29\" data-price=\"\"><div class=\"wpbs-legend-item-icon wpbs-legend-item-icon-1\" data-type=\"single\"><div class=\"wpbs-legend-item-icon-color\" ><\/div><div class=\"wpbs-legend-item-icon-color\" ><\/div><\/div><div class=\"wpbs-date-inner\"><span class=\"wpbs-date-number\">29<\/span><\/div><\/div><\/td><td><div class=\"wpbs-date wpbs-legend-item-1   wpbs-is-bookable \" data-year=\"2026\" data-month=\"4\" data-day=\"30\" data-price=\"\"><div class=\"wpbs-legend-item-icon wpbs-legend-item-icon-1\" data-type=\"single\"><div class=\"wpbs-legend-item-icon-color\" ><\/div><div class=\"wpbs-legend-item-icon-color\" ><\/div><\/div><div class=\"wpbs-date-inner\"><span class=\"wpbs-date-number\">30<\/span><\/div><\/div><\/td><td><div class=\"wpbs-date   wpbs-gap  \"  data-price=\"\"><div class=\"wpbs-date-inner\"><\/div><\/div><\/td><td><div class=\"wpbs-date   wpbs-gap  \"  data-price=\"\"><div class=\"wpbs-date-inner\"><\/div><\/div><\/td><td><div class=\"wpbs-date   wpbs-gap  \"  data-price=\"\"><div class=\"wpbs-date-inner\"><\/div><\/div><\/td><\/tr><\/tbody><\/table><\/div><\/div><\/div><\/div><style>.wpbs-container.wpbs-calendar-1 .wpbs-legend-item-icon-1 div:first-of-type { background-color: #ddffcc; }.wpbs-container.wpbs-calendar-1 .wpbs-legend-item-icon-1 div:nth-of-type(2) { background-color: transparent; }.wpbs-container.wpbs-calendar-1 .wpbs-legend-item-icon-1 div:first-of-type svg { fill: #ddffcc; }.wpbs-container.wpbs-calendar-1 .wpbs-legend-item-icon-1 div:nth-of-type(2) svg { fill: transparent; }.wpbs-container.wpbs-calendar-1 .wpbs-legend-item-icon-2 div:first-of-type { background-color: #ffc0bd; }.wpbs-container.wpbs-calendar-1 .wpbs-legend-item-icon-2 div:nth-of-type(2) { background-color: transparent; }.wpbs-container.wpbs-calendar-1 .wpbs-legend-item-icon-2 div:first-of-type svg { fill: #ffc0bd; }.wpbs-container.wpbs-calendar-1 .wpbs-legend-item-icon-2 div:nth-of-type(2) svg { fill: transparent; }.wpbs-container.wpbs-calendar-1 .wpbs-legend-item-icon-today div:first-of-type { background-color: rgba( 33,150,243, .9 ); }.wpbs-container.wpbs-calendar-1 .wpbs-legend-item-icon-0 div:first-of-type { background-color: #e1e1e1; }.wpbs-main-wrapper:not(.wpbs-main-wrapper-form-0) .wpbs-enable-hover .wpbs-is-bookable:hover:not(.wpbs-selected-first):not(.wpbs-selected-last) .wpbs-legend-item-icon div:first-of-type, .wpbs-main-wrapper:not(.wpbs-main-wrapper-form-0) .wpbs-date-hover:not(.wpbs-selected-first):not(.wpbs-selected-last) .wpbs-legend-item-icon div:first-of-type, .wpbs-main-wrapper:not(.wpbs-main-wrapper-form-0) .wpbs-date-hover.wpbs-selected-first.wpbs-selected-last .wpbs-legend-item-icon div:first-of-type { background-color: #7bb9e4; }.wpbs-main-wrapper:not(.wpbs-main-wrapper-form-0) .wpbs-enable-hover .wpbs-is-bookable:hover:not(.wpbs-selected-first):not(.wpbs-selected-last) .wpbs-legend-item-icon[data-type=\"split\"] div svg, .wpbs-main-wrapper:not(.wpbs-main-wrapper-form-0) .wpbs-date-hover:not(.wpbs-selected-first):not(.wpbs-selected-last) .wpbs-legend-item-icon[data-type=\"split\"] div svg, .wpbs-main-wrapper:not(.wpbs-main-wrapper-form-0) .wpbs-legend-item-icon .wpbs-legend-icon-select svg { fill: #7bb9e4; }.wpbs-main-wrapper:not(.wpbs-main-wrapper-form-0) .wpbs-date-selected:not(.wpbs-selected-first):not(.wpbs-selected-last) .wpbs-legend-item-icon div:first-of-type, .wpbs-main-wrapper:not(.wpbs-main-wrapper-form-0) .wpbs-date-selected.wpbs-selected-first.wpbs-selected-last .wpbs-legend-item-icon div:first-of-type, .wpbs-main-wrapper:not(.wpbs-main-wrapper-form-0) .wpbs-enable-hover .wpbs-date-selected:hover:not(.wpbs-selected-first):not(.wpbs-selected-last) .wpbs-legend-item-icon div:first-of-type { background-color: #5aa7dd; }.wpbs-main-wrapper:not(.wpbs-main-wrapper-form-0) .wpbs-date-selected:not(.wpbs-selected-first):not(.wpbs-selected-last) .wpbs-legend-item-icon[data-type=\"split\"] div svg, .wpbs-main-wrapper:not(.wpbs-main-wrapper-form-0) .wpbs-enable-hover .wpbs-date-selected:hover:not(.wpbs-selected-first):not(.wpbs-selected-last) .wpbs-legend-item-icon[data-type=\"split\"] div svg, .wpbs-main-wrapper:not(.wpbs-main-wrapper-form-0) .wpbs-date-selected .wpbs-legend-item-icon .wpbs-legend-icon-select svg { fill: #5aa7dd; }<\/style><div class=\"wpbs-container-loaded\" data-just-loaded=\"1\"><\/div><\/div><\/div>\n\n\n<p class=\"has-text-align-center\"><strong>Options et suppl\u00e9ments<\/strong><\/p>\n\n\n\n<blockquote class=\"wp-block-quote is-layout-flow wp-block-quote-is-layout-flow\">\n<p>D\u00e9p\u00f4t de garantie restitu\u00e9 en fin de s\u00e9jour apr\u00e8s \u00e9tat des lieux <em>(500\u20ac \/s\u00e9jour).<\/em><\/p>\n\n\n\n<p>Option M\u00e9nage <em>(80.00 \u20ac&nbsp;fin de s\u00e9jour).<\/em><\/p>\n\n\n\n<p>Draps <em>(gratuit)<\/em><\/p>\n\n\n\n<p>Linge <em>(gratuit)<\/em><\/p>\n\n\n\n<p>Acc\u00e8s \u00e0 la piscine \u00e0 compter du 15 juin 2025.<\/p>\n\n\n\n<p>Chauffage \u00e9lectrique&nbsp;: pompe \u00e0 chaleur et radiateur.<\/p>\n\n\n\n<p>Chauffage bois (gratuit)<\/p>\n\n\n\n<p>Electricit\u00e9&nbsp;en p\u00e9riode estivale : Les frais d\u2019\u00e9lectricit\u00e9 sont inclus dans les tarifs indiqu\u00e9s \u00e0 raison de 21 kW par jour. Tout d\u00e9passement mesur\u00e9 au compteur est \u00e0 la charge du locataire. On le calcule sur la base du tarif unitaire moyen du kW en vigueur.<\/p>\n\n\n\n<p>Equipement b\u00e9b\u00e9 gratuit&nbsp;: chaise haute, baignoire, lit parapluie, transat, pot, r\u00e9ducteur de toilette.<\/p>\n\n\n\n<p>Location de bicyclettes (2\u20ac\/jour\/v\u00e9lo).<\/p>\n<\/blockquote>\n\n\n\n<p class=\"has-text-align-center\">D\u00e9placements<\/p>\n\n\n\n<blockquote class=\"wp-block-quote is-layout-flow wp-block-quote-is-layout-flow\">\n<p>A\u00e9roport national&nbsp;: Agen \u00e0 30 minutes<em>.<\/em><\/p>\n\n\n\n<p>A\u00e9roports internationaux&nbsp;: Toulouse \u00e0 1h \u2013 Bordeaux \u00e0 1h45.<\/p>\n\n\n\n<p>Gare ferroviaire&nbsp;: Agen \u00e0 45 minutes.<\/p>\n\n\n\n<p>A62 sortie n\u00b08 \u00e0 16 km.<\/p>\n<\/blockquote>\n\n\n\n<p>&#8211; les conditions g\u00e9n\u00e9rales de location du Sandre sont t\u00e9l\u00e9chargeables ci-dessous.<\/p>\n\n\n\n<div data-wp-interactive=\"core\/file\" class=\"wp-block-file\"><object data-wp-bind--hidden=\"!state.hasPdfPreview\" hidden class=\"wp-block-file__embed\" data=\"https:\/\/gitesainterose.fr\/wp-content\/uploads\/2022\/03\/Conditions-generales-Sandre.pdf\" type=\"application\/pdf\" style=\"width:100%;height:600px\" aria-label=\"Contenu embarqu\u00e9 Conditions g\u00e9n\u00e9rales Sandre.\"><\/object><a id=\"wp-block-file--media-c06e4b8b-8974-41b4-95ad-a3a58d658d93\" href=\"https:\/\/gitesainterose.fr\/wp-content\/uploads\/2022\/03\/Conditions-generales-Sandre.pdf\">Conditions g\u00e9n\u00e9rales Sandre<\/a><a href=\"https:\/\/gitesainterose.fr\/wp-content\/uploads\/2022\/03\/Conditions-generales-Sandre.pdf\" class=\"wp-block-file__button wp-element-button\" download aria-describedby=\"wp-block-file--media-c06e4b8b-8974-41b4-95ad-a3a58d658d93\">T\u00e9l\u00e9charger<\/a><\/div>\n\n\n\n<p>&#8211; le contrat de location du Sandre est t\u00e9l\u00e9chargeable ci-dessous et \u00e0 nous retourner.<\/p>\n\n\n\n<div data-wp-interactive=\"core\/file\" class=\"wp-block-file\"><object data-wp-bind--hidden=\"!state.hasPdfPreview\" hidden class=\"wp-block-file__embed\" data=\"https:\/\/gitesainterose.fr\/wp-content\/uploads\/2022\/03\/Contrat-de-location-le-Sandre.pdf\" type=\"application\/pdf\" style=\"width:100%;height:600px\" aria-label=\"Contenu embarqu\u00e9 Contrat de location le Sandre.\"><\/object><a id=\"wp-block-file--media-b194989b-bb64-45d0-8e46-b6021822267d\" href=\"https:\/\/gitesainterose.fr\/wp-content\/uploads\/2022\/03\/Contrat-de-location-le-Sandre.pdf\">Contrat de location le Sandre<\/a><a href=\"https:\/\/gitesainterose.fr\/wp-content\/uploads\/2022\/03\/Contrat-de-location-le-Sandre.pdf\" class=\"wp-block-file__button wp-element-button\" download aria-describedby=\"wp-block-file--media-b194989b-bb64-45d0-8e46-b6021822267d\">T\u00e9l\u00e9charger<\/a><\/div>\n","protected":false},"excerpt":{"rendered":"<p>SAISON 2026 1 nuit 7 nuits Basse saison&nbsp; 120\u20ac* 10 % de r\u00e9duction Haute saisonP\u00e9riode estivale du 13\/06 au 13\/09\/2026 140\u20ac* 10 % de r\u00e9duction * Ce tarif comprend la location du meubl\u00e9 \u00e0 titre exclusif avec une chambre. Il faudra compter 30\u20ac par chambre suppl\u00e9mentaire.Taxe de s\u00e9jour\u00a0par adulte par jour non comprise. Conditions de [&hellip;]<\/p>\n","protected":false},"author":1,"featured_media":0,"parent":0,"menu_order":0,"comment_status":"closed","ping_status":"closed","template":"","meta":{"footnotes":""},"class_list":["post-28","page","type-page","status-publish","hentry"],"_links":{"self":[{"href":"https:\/\/gitesainterose.fr\/index.php\/wp-json\/wp\/v2\/pages\/28","targetHints":{"allow":["GET"]}}],"collection":[{"href":"https:\/\/gitesainterose.fr\/index.php\/wp-json\/wp\/v2\/pages"}],"about":[{"href":"https:\/\/gitesainterose.fr\/index.php\/wp-json\/wp\/v2\/types\/page"}],"author":[{"embeddable":true,"href":"https:\/\/gitesainterose.fr\/index.php\/wp-json\/wp\/v2\/users\/1"}],"replies":[{"embeddable":true,"href":"https:\/\/gitesainterose.fr\/index.php\/wp-json\/wp\/v2\/comments?post=28"}],"version-history":[{"count":37,"href":"https:\/\/gitesainterose.fr\/index.php\/wp-json\/wp\/v2\/pages\/28\/revisions"}],"predecessor-version":[{"id":428,"href":"https:\/\/gitesainterose.fr\/index.php\/wp-json\/wp\/v2\/pages\/28\/revisions\/428"}],"wp:attachment":[{"href":"https:\/\/gitesainterose.fr\/index.php\/wp-json\/wp\/v2\/media?parent=28"}],"curies":[{"name":"wp","href":"https:\/\/api.w.org\/{rel}","templated":true}]}}